{"id":3,"date":"2007-10-04T22:28:01","date_gmt":"2007-10-04T22:28:01","guid":{"rendered":"http:\/\/cmroma.tmcrew.org\/?page_id=3"},"modified":"2007-10-06T18:01:26","modified_gmt":"2007-10-06T18:01:26","slug":"cose-critical-mass","status":"publish","type":"page","link":"https:\/\/www.tmcrew.org\/cm\/cose-critical-mass\/","title":{"rendered":"Cos&#8217;\u00e8 Critical Mass?"},"content":{"rendered":"<p>Critical Mass \u00e8 un evento internazionale che si tiene in pi\u00f9 di 400 citt\u00e0 del mondo, avviene ogni ultimo venerd\u00ec del mese quando i ciclisti, spontaneamente, vanno in massa a percorrere le strade delle loro citt\u00e0 normalmente occupate dalle automobili.Critical Mass si concentra sul diritto di utilizzare le strade in modo <em>altro<\/em> che non semplici luoghi dove far circolare ed ammassare le automobili. Punta anche l&#8217;attenzione sul deteriorarsi della qualit\u00e0 della vita, a partire dai livelli di inquinamento dell&#8217;aria e dell&#8217;inquinamento acustico, che i mezzi a motore creano nelle citt\u00e0.<\/p>\n<p>Critical Mass avviene in molte citt\u00e0 del mondo ed \u00e8 sempre diversa stante le differenze del numero dei partecipanti da una citt\u00e0 all&#8217;altra, le leggi sul traffico e la risposta della polizia e degli automobilisti.<\/p>\n<p>Critical Mass \u00e8 un&#8217;idea, un evento, un&#8217;attitudine&#8230; non ha leader, non ha un&#8217;organizzazione&#8230; semplicemente Critical Mass \u00e8 fatta da chi partecipa alla pedalata, non c&#8217;\u00e8 un volantino da dare, ma ognuno\/a cerca di produrre il proprio da distribuire lungo il percorso, improvvisato e mai prestabilito, della CM.<\/p>\n<p>Per notizie sulle Critical Mass di tutto il mondo consulta <a href=\"http:\/\/critical-mass.info\/\" target=\"_blank\">World Wide Critical Mass Hub<\/a> che prova ad essere la risorsa pi\u00f9 aggiornata riguardo al movimento ed anche <a href=\"http:\/\/critical-mass.info\/howto\/index.html\" target=\"_blank\">How to Start a Critical Mass Ride<\/a>  per chi vuole capire come iniziare nella propria citt\u00e0.<\/p>\n","protected":false},"excerpt":{"rendered":"<p>Critical Mass \u00e8 un evento internazionale che si tiene in pi\u00f9 di 400 citt\u00e0 del mondo, avviene ogni ultimo venerd\u00ec del mese quando i ciclisti, spontaneamente, vanno in massa a percorrere le strade delle loro citt\u00e0 normalmente occupate dalle automobili.Critical Mass si concentra sul diritto di utilizzare le strade in modo altro che non semplici [&hellip;]<\/p>\n","protected":false},"author":1,"featured_media":0,"parent":0,"menu_order":1,"comment_status":"open","ping_status":"open","template":"","meta":{"footnotes":""},"class_list":["post-3","page","type-page","status-publish","hentry"],"_links":{"self":[{"href":"https:\/\/www.tmcrew.org\/cm\/wp-json\/wp\/v2\/pages\/3","targetHints":{"allow":["GET"]}}],"collection":[{"href":"https:\/\/www.tmcrew.org\/cm\/wp-json\/wp\/v2\/pages"}],"about":[{"href":"https:\/\/www.tmcrew.org\/cm\/wp-json\/wp\/v2\/types\/page"}],"author":[{"embeddable":true,"href":"https:\/\/www.tmcrew.org\/cm\/wp-json\/wp\/v2\/users\/1"}],"replies":[{"embeddable":true,"href":"https:\/\/www.tmcrew.org\/cm\/wp-json\/wp\/v2\/comments?post=3"}],"version-history":[{"count":0,"href":"https:\/\/www.tmcrew.org\/cm\/wp-json\/wp\/v2\/pages\/3\/revisions"}],"wp:attachment":[{"href":"https:\/\/www.tmcrew.org\/cm\/wp-json\/wp\/v2\/media?parent=3"}],"curies":[{"name":"wp","href":"https:\/\/api.w.org\/{rel}","templated":true}]}}