{"id":9,"date":"2007-10-06T17:48:55","date_gmt":"2007-10-06T17:48:55","guid":{"rendered":"http:\/\/cmroma.tmcrew.org\/?page_id=9"},"modified":"2007-10-06T18:13:03","modified_gmt":"2007-10-06T18:13:03","slug":"le-linee-guida-proposte%e2%80%a6","status":"publish","type":"page","link":"https:\/\/www.tmcrew.org\/cm\/cose-critical-mass\/come-funziona-critical-mass\/le-linee-guida-proposte%e2%80%a6\/","title":{"rendered":"Le linee guida proposte\u2026"},"content":{"rendered":"<p>Critical Mass    \u00e8 un incontro casuale di ciclisti in un luogo concordato, non esiste    un percorso stabilito, non esistono leader, non esistono regole, ma per una    migliore riuscita dell&#8217;evento abbiamo individuato una serie di comportamenti    che permettono alla Massa Critica di ottenere il massimo di visibilit\u00e0    e di attenzione, di creare consenso e di evitare incidenti di qualsiasi tipo.<br \/>\nSi tratta di semplici indicazioni sempre suscettibili a critica e revisione.<\/p>\n<p>La Critical Mass    \u00e8 aperta a tutti: non solo ai ciclisti. Sono benvenuti pattinatori, skaters,    monopattini, pedoni&#8230;Il percoso    di massima viene definito in mailing-list e durante la riunione informale prima    della partenza. Variazioni possono essere apportate dal gruppo di testa per    ragioni di viabilit\u00e0 o di psicogeografia. Il gruppo di testa \u00e8    sempre estemporaneo e cambia continuamente durante il percorso: se si hanno    idee di percorso si propongono durante il tragitto.<\/p>\n<p>In linea    di massima si evita di insistere troppo su strade ad alta viabilit\u00e0 (es.    Lungotevere) e si prevedono anche passaggi all&#8217;interno di isole pedonali.<\/p>\n<p>Si mantiene    un comportamento corretto con gli automobilisti: si spiegano le motivazioni    (magari con flyer o volantini) e si usa l&#8217;ironia. Se un automobilista \u00e8    particolarmente iroso si evitano ulteriori discussioni e lo si lascia passare    in sicurezza. Il nostro nemico sono le automobili e non gli automobilisti.<\/p>\n<p>Il gruppo    si mantiene il pi\u00f9 possibile compatto: chi \u00e8 davanti ricordi che    non tutti i partecipanti sono ciclisti professionisti, chi \u00e8 dietro cerchi    sempre di ricucire le &#8220;fughe&#8221;. La compattezza del gruppo rende chiara    l&#8217;iniziativa e l&#8217;inutilit\u00e0 del sorpasso di un singolo ciclista.<\/p>\n<p>Si cerca    di rispettare la segnaletica stradale, ma non a prezzo di spezzare il gruppo<\/p>\n<p>Si lasciano    sempre passare i mezzi di soccorso con le sirene accese.<\/p>\n<p>Non si    invadono le corsi preferenziali riservate ai mezzi pubblici.<\/p>\n<p>Si cerca    sempre di lasciar passare gli autobus e di essere comprensivi con i taxi. La    vivibilit\u00e0 delle citt\u00e0 passa per un maggiore utilizzo dei mezzi    pubblici che quindi non vanno penalizzati.<\/p>\n<p>In caso    di incidente stradale si evitano assembramenti. Restano sul posto il ciclista    colpito e un paio di testimoni per la constatazione dei danni e l&#8217;eventuale    ricorso ai vigili urbani. Il gruppo aspetta il tempo necessario per capire l&#8217;evolversi    della situazione accostando poco pi\u00f9 avanti. Solo se \u00e8 chiaro    ed evidente che non ci saranno problemi ulteriori per il ciclista incidentato    si riprende la corsa, lasciando sul posto il ciclista e i testimoni&#8230;<\/p>\n<p>In caso    di problemi con la polizia si resta in &#8220;massa&#8221; evitando inizative    personali.<\/p>\n<p>La CM    \u00e8 colorata: l&#8217;uso di cartelli, maschere, palloncini, campanelli, strumenti    musicali, fumogeni, dischi volanti e quant&#8217;altro \u00e8 altamente consigliato.<\/p>\n<p>Non esistono    volantini ufficiali. L&#8217;unico volantino ufficiale \u00e8 quello che puoi fare    tu&#8230;<\/p>\n<ul>\n<li><a href=\"http:\/\/www.lynxlab.com\/staff\/felix\/cm\/lineeguida.tar.gz\">scarica    il PDF da stampare<\/a><\/li>\n<\/ul>\n","protected":false},"excerpt":{"rendered":"<p>Critical Mass \u00e8 un incontro casuale di ciclisti in un luogo concordato, non esiste un percorso stabilito, non esistono leader, non esistono regole, ma per una migliore riuscita dell&#8217;evento abbiamo individuato una serie di comportamenti che permettono alla Massa Critica di ottenere il massimo di visibilit\u00e0 e di attenzione, di creare consenso e di evitare [&hellip;]<\/p>\n","protected":false},"author":1,"featured_media":0,"parent":4,"menu_order":4,"comment_status":"open","ping_status":"open","template":"","meta":[],"_links":{"self":[{"href":"https:\/\/www.tmcrew.org\/cm\/wp-json\/wp\/v2\/pages\/9"}],"collection":[{"href":"https:\/\/www.tmcrew.org\/cm\/wp-json\/wp\/v2\/pages"}],"about":[{"href":"https:\/\/www.tmcrew.org\/cm\/wp-json\/wp\/v2\/types\/page"}],"author":[{"embeddable":true,"href":"https:\/\/www.tmcrew.org\/cm\/wp-json\/wp\/v2\/users\/1"}],"replies":[{"embeddable":true,"href":"https:\/\/www.tmcrew.org\/cm\/wp-json\/wp\/v2\/comments?post=9"}],"version-history":[{"count":0,"href":"https:\/\/www.tmcrew.org\/cm\/wp-json\/wp\/v2\/pages\/9\/revisions"}],"up":[{"embeddable":true,"href":"https:\/\/www.tmcrew.org\/cm\/wp-json\/wp\/v2\/pages\/4"}],"wp:attachment":[{"href":"https:\/\/www.tmcrew.org\/cm\/wp-json\/wp\/v2\/media?parent=9"}],"curies":[{"name":"wp","href":"https:\/\/api.w.org\/{rel}","templated":true}]}}